{"id":1938,"date":"2017-01-22T22:09:56","date_gmt":"2017-01-22T21:09:56","guid":{"rendered":"http:\/\/kgs-niederrad.de\/?page_id=1938"},"modified":"2023-05-30T13:54:16","modified_gmt":"2023-05-30T11:54:16","slug":"faq","status":"publish","type":"page","link":"https:\/\/kgs-niederrad.de\/index.php\/faq\/","title":{"rendered":"FAQ"},"content":{"rendered":"\n<p>Auf dieser Seite haben wir die h\u00e4ufigsten Fragen, die uns Eltern gestellt haben, zusammengestellt. Die Reihenfolge ist dabei eher zuf\u00e4llig entstanden.<\/p>\n\n\n\n<p><b>Was muss ich mir unter den Lernb\u00fcros vorstellen?<\/b><\/p>\n\n\n\n<p>Lernb\u00fcros haben das Ziel, das selbstgesteuerte Lernen zu f\u00f6rdern. Jedes Lernb\u00fcro hat einen fachlichen Schwerpunkt. Es gibt verschiedene Bausteine, die die Kinder teilweise in selbst gew\u00e4hlter, teilweise in vorgegebener Reihenfolge abarbeiten. Am Ende eines jeden Bausteins steht eine Lernkontrolle, um den Lernfortschritt zu diagnostizieren. Die Lehrer stellen sicher, dass f\u00fcr das Halbjahr bzw. Jahr alle notwendigen Bausteine in allen Lernb\u00fcrof\u00e4chern abgearbeitet wurden. Die Vorteile der Lernb\u00fcros gegen\u00fcber \u201cnormalem\u201d Frontalunterricht sind z. B., dass der Lehrer viel mehr Zeit hat, sich um einzelne Sch\u00fcler zu k\u00fcmmern und nicht f\u00fcr alle alles gleich erkl\u00e4ren zu m\u00fcssen. Auch k\u00f6nnen Sch\u00fcler, die in einem Fach besser sind, die Aufgaben schneller bearbeiten und m\u00fcsse nicht auf die anderen langsameren Sch\u00fcler warten. Die so gesparte Zeit haben sie f\u00fcr weiterf\u00fchrende Bausteine im gleichen Fach oder f\u00fcr die Lernb\u00fcros zur Verf\u00fcgung, in denen sie nicht so gut sind. Sie finden&nbsp;im Internet&nbsp;unter dem Suchwort \u201cLernb\u00fcro\u201d zahlreiche Filme von anderen Schulen, die ihre erfolgreiche Arbeit mit Lernb\u00fcros vorstellen.<\/p>\n\n\n\n<p>Link: <a href=\"https:\/\/vimeo.com\/search?q=lernb%C3%BCro\">Vimeo Videos zum Suchwort &#8222;Lernb\u00fcro&#8220;<\/a><\/p>\n\n\n\n<p>Link: <a href=\"https:\/\/www.youtube.com\/results?search_query=lernb%C3%BCro\">YouTube Videos zum Suchwort &#8222;Lernb\u00fcro&#8220;<\/a><\/p>\n\n\n\n<p><b>Wird denn in ein Thema im Unterricht gar nicht mehr eingef\u00fchrt?<\/b><\/p>\n\n\n\n<p>Themen, die einer ausf\u00fchrlichen gemeinsamen Einf\u00fchrung bed\u00fcrfen, werden nicht in Lernb\u00fcros angesiedelt.<\/p>\n\n\n\n<p><b>Kann mein Kind bei Ihnen Abitur machen?<\/b><\/p>\n\n\n\n<p>Die Kinder k\u00f6nnen einen Haupt-, Realschulabschluss und Abitur machen. Alle Kinder, auch aus den Haupt- und Realschulzweigen k\u00f6nnen die Zulassung zur Oberstufe erlangen. Mit dieser Zulassung kann es an jeder anderen Frankfurter Schule mit Oberstufe (also auch den Oberstufengymnasien) oder in unserer zuk\u00fcnftigen Oberstufe das Abitur machen.<\/p>\n\n\n\n<p><b>An welchem Standort wird die Schule in Zukunft sein?<\/b><\/p>\n\n\n\n<p>Wir sind in neuen R\u00e4umen in Holzmodulbauweise auf dem Gel\u00e4nde in der Goldsteinstra\u00dfe 27 gestartet. Danach haben wir das ebenfalls in Holzmodulbauweise erstellte Geb\u00e4ude im Mainfeld (Mainfeldstra\u00dfe 45) neu gebaut bekommen. Sp\u00e4ter ziehen wir auf das Gel\u00e4nde der ehemaligen Salzmannschule am Bruchfeldplatz um, wobei das Geb\u00e4ude im Mainfeld der KGS Niederrad erhalten bleibt.<\/p>\n\n\n\n<figure class=\"wp-block-image size-large\"><img loading=\"lazy\" width=\"1024\" height=\"804\" src=\"http:\/\/kgs-niederrad.de\/wp-content\/uploads\/2022\/06\/maps-mit-text-1024x804.png\" alt=\"\" class=\"wp-image-3589\" srcset=\"https:\/\/kgs-niederrad.de\/wp-content\/uploads\/2022\/06\/maps-mit-text-1024x804.png 1024w, https:\/\/kgs-niederrad.de\/wp-content\/uploads\/2022\/06\/maps-mit-text-300x235.png 300w, https:\/\/kgs-niederrad.de\/wp-content\/uploads\/2022\/06\/maps-mit-text-768x603.png 768w, https:\/\/kgs-niederrad.de\/wp-content\/uploads\/2022\/06\/maps-mit-text-400x314.png 400w, https:\/\/kgs-niederrad.de\/wp-content\/uploads\/2022\/06\/maps-mit-text.png 1031w\" sizes=\"(max-width: 1024px) 100vw, 1024px\" \/><\/figure>\n\n\n\n<p><b>Mein Kind ist eher der \u201cfaule Typ\u201d. Der kann nicht selbstst\u00e4ndig arbeiten. Ist die Schule dann \u00fcberhaupt was f\u00fcr ihn?<\/b><\/p>\n\n\n\n<p>Ein Kind, das schwer zu motivieren ist oder nicht selbst\u00e4ndig arbeiten kann, ist f\u00fcr jede Schule eine Herausforderung. Lehrer haben im Lernb\u00fcro Zeit, zu solchen Sch\u00fclern Kontakt aufzubauen und sie enger zu betreuen, als das im Frontalunterricht m\u00f6glich ist. Dar\u00fcber hinaus haben wir die Erfahrung gemacht, dass die M\u00f6glichkeit, eigene Frage zu stellen und eigene Schwerpunkte zu entwickeln, die Sch\u00fclerinnen und Sch\u00fcler motiviert. Wenn diese Grundhaltung da ist, kann jeder lernen selbst\u00e4ndig zu arbeiten.<\/p>\n\n\n\n<p><b>Ist eine KGS nicht schwierig zu gestalten, mit parallelen Zweigen wie H, R und G?<\/b><\/p>\n\n\n\n<p>Differenzierung ist immer aufwendig. Aber gerade darin liegt f\u00fcr uns und auch f\u00fcr die Sch\u00fcler eine gro\u00dfe Chance.<\/p>\n\n\n\n<p><b>Wie wird sichergestellt, dass am Ende des Halbjahres alle Module bearbeitet wurden?<\/b><\/p>\n\n\n\n<p>Die Sch\u00fcler f\u00fchren ein individuelles Lerntagebuch (das Logbuch), das als Grundlage f\u00fcr Gespr\u00e4che mit dem Klassenlehrer dient. Bei Problemen setzen wir uns mit Eltern und Sch\u00fcler zusammen und suchen gemeinsam nach einer L\u00f6sung.<\/p>\n\n\n\n<p><b>Wie sollen die ganzen Gesp\u00e4che zeitlich funktionieren bei 25-30 Sch\u00fclern pro Klasse?<\/b><\/p>\n\n\n\n<p>Wir haben zwei Klassenlehrer\/innen pro Klasse, vergleichbar dem Klassenlehrer und seinem Stellvertreter. Damit halbiert sich die Anzahl der Sch\u00fcler. Dabei wird es nicht n\u00f6tig sein, mit jedem Sch\u00fcler jede Woche ausf\u00fchrlich zu sprechen. Grunds\u00e4tzlich sind dr\u00e4ngende Probleme zuerst und ausf\u00fchrlicher zu besprechen. In der Tutorenstunde haben die Sch\u00fcler, die nicht im Gespr\u00e4ch mit dem Lehrer sind, z. B. Lernzeit zum Weiterarbeiten an offenen Projekten oder noch zu erledigenden Lernb\u00fcroaufgaben. Dar\u00fcber hinaus haben wir Sprechzeiten der Lehrkr\u00e4fte bzgl. der Fachberatung und\/oder des Arbeitsverhaltens der Sch\u00fcler\/innen.<\/p>\n\n\n\n<p><b>Was passiert, wenn w\u00e4hrend des Lernb\u00fcros mehrere Kinder gleichzeitig Fragen haben? Was machen die Kinder in der Zeit, in der sie warten m\u00fcssen?<\/b><\/p>\n\n\n\n<p>Ein Ziel der Arbeit im Lernb\u00fcro ist, dass die Sch\u00fcler lernen, was sie selbst tun k\u00f6nnen, um sich die Aufgabe zu erschlie\u00dfen z. B. Fremdw\u00f6rter nachschlagen oder in einem Mathebuch eine Rechenregel nachsehen. Sch\u00fcler die am gleichen Baustein im gleichen Anforderungsniveau arbeiten, k\u00f6nnen sich gegenseitig helfen, bevor sie zum Lehrer gehen.<\/p>\n\n\n\n<p><b>Wie genau funktioniert der &#8222;offene Beginn&#8220;.? Kann jeder kommen wann er will? Wie wird dann ein gemeinsamer Start stattfinden?<\/b><\/p>\n\n\n\n<p>Zwischen 8.00 Uhr und 8.30 Uhr k\u00f6nnen die Sch\u00fcler das Angebot der Schule nutzen, m\u00fcssen das aber nicht. Um 8.30 Uhr starten wir im Klassenverband im Morgenkreis, der eine viertel Stunde lang ist.<\/p>\n\n\n\n<p><b>Habe ich das richtig verstanden, das im Lernb\u00fcro alle Kinder (Hauptschule, Realschule <\/b><b>und Gymnasium) zusammen Ihre Bausteine\/Aufgaben in der Unterrichtseinheit <\/b><b>erarbeiten?<\/b><\/p>\n\n\n\n<p>In den Lernb\u00fcros erledigen die Kinder &#8211; weitgehend in Einzelarbeit &#8211; Aufgaben, die an die unterschiedlichen Schulzweige angepasst sind. D.h. die Hauptsch\u00fcler bearbeiten mindestens Hauptschulniveau, die Realsch\u00fcler mindestens Realschulniveau, die Gymnasialsch\u00fcler mindestens Gymnasialniveau. Wenn ein Kind sich einen h\u00f6heren Schwierigkeitsgrad zutraut, darf es dies nat\u00fcrlich. Im Falle von Gymnasialkindern bedeutet das, dass der Schwierigkeitsgrad von Bausteinen individuell erh\u00f6ht wird. Umgekehrt kann bei \u00dcberforderung auch \u00fcbergangsweise auf einem niedrigeren Niveau gearbeitet werden, ohne dass damit gleich auch ein Schulzweigwechsel verbunden ist.<\/p>\n\n\n\n<p><b>In den anderen Unterrichten lernt jede Einheit (Hauptschule, Realschule und Gymnasium) f\u00fcr sich?<\/b><\/p>\n\n\n\n<p>Wir starten im Projektunterricht im Klassenverband. Dort wo es Sinn&nbsp;macht sind auch schulformbezogene klassen\u00fcbergreifende Projekte m\u00f6glich. Schulform\u00fcbergreifende Projekte&nbsp;werden nur mit Zustimmung der Eltern realisiert. Konkret bedeutet das z. B., dass die Sch\u00fclerInnen zwei Wochen im Klassenverband ein Projekt in Biologie machen und&nbsp;im Anschluss daran z. B. zwei Realschulklassen zusammen \u00fcber drei Wochen ein Projekt in Kunst und Musik bearbeiten. Das differenzierte Angebot nach der Mittagspause richtet sich nach den Neigungen und Bed\u00fcrfnissen der Kinder. Wenn sie gerne lesen (oder hier eine F\u00f6rderung geboten ist), gehen sie in den Buchclub. Hier ergeben sich sehr leicht Differenzierungsm\u00f6glichkeiten, weil die Sch\u00fclerInnen z.B. unterschiedliche Lekt\u00fcren bearbeiten. Wenn sie gerne schreiben (oder ein F\u00f6rderbedarf erkennbar ist) gehen sie in die Schreibwerkstatt; hier ist der Differenzierungsansatz das zu erstellende Produkt. Auch wenn diese Kurse schulform\u00fcbergreifend zusammengesetzt werden, werden in den Anforderungen die schulformbezogenen Niveaus abgebildet.<\/p>\n\n\n\n<p><b>Das bedeutet, dass die Kinder so gut wie jeden Tag bis 15:00 Uhr Schule haben?<\/b><\/p>\n\n\n\n<p>Die Stundentafel sieht vor, dass z.B. ein Realsch\u00fcler 29 Wochenstunden hat, bei unserem entzerrten Stundenplan endet damit der regul\u00e4re Unterricht an vier Tagen grunds\u00e4tzlich um 15:00 Uhr (je nach Stundentafel des Jahrgangs bzw. des Bildungsgangs) und Freitag um 14:00 Uhr. Allerdings haben die Kinder ab dann auch tats\u00e4chlich Freizeit, weil in die langen Pausen die sogenannte &#8222;Lese- und Lernzeit&#8220;, in der die Sch\u00fclerInnen \u00fcben k\u00f6nnen, eingebaut ist.<\/p>\n\n\n\n<p><b>Was f\u00fcr AG&#8217;s gibt es bei der KGS Niederrad?<\/b><\/p>\n\n\n\n<p>Das AG-Angebot h\u00e4ngt von den Interessen der Kinder und nat\u00fcrlich den M\u00f6glichkeiten der KollegInnen sowie externen Kooperationspartnern ab. Unser AG und Wahlpflichtangebot ist sehr gro\u00df. Wir haben auf der Homepage dazu einen extra Bereich.<\/p>\n\n\n\n<p><b>Es bleibt doch jedem selbst \u00fcberlassen ob man an einer AG teilnimmt?<\/b><\/p>\n\n\n\n<p>Die Teilnahme ist grunds\u00e4tzlich freigestellt, wenn ein Kind eine AG &#8222;bucht&#8220;, ist die Teilnahme jedoch verpflichtend.<\/p>\n\n\n\n<p><b>Wenn man z.B. an keiner AG teilnimmt gibt es dann als Ersatz eine Betreuung?<\/b><\/p>\n\n\n\n<p>Eltern k\u00f6nnen ihre Kinder bis 16.30 Uhr in der Schule lassen, wenn sie das m\u00f6chten. Die Sch\u00fcler nehmen dann an AG\u2019s teil. F\u00e4llt eine AG aus, so werden die Sch\u00fcler,&nbsp;die verbindlich zur Betreuung angemeldet sind, auch bis 16.30 Uhr in der Schule betreut.<\/p>\n","protected":false},"excerpt":{"rendered":"<p>Auf dieser Seite haben wir die h\u00e4ufigsten Fragen, die uns Eltern gestellt haben, zusammengestellt. Die Reihenfolge ist dabei eher zuf\u00e4llig entstanden. Was muss ich mir unter den Lernb\u00fcros vorstellen? Lernb\u00fcros haben das Ziel, das selbstgesteuerte Lernen zu f\u00f6rdern. Jedes Lernb\u00fcro [&hellip;]<\/p>\n","protected":false},"author":1,"featured_media":1940,"parent":0,"menu_order":100,"comment_status":"closed","ping_status":"closed","template":"","meta":[],"_links":{"self":[{"href":"https:\/\/kgs-niederrad.de\/index.php\/wp-json\/wp\/v2\/pages\/1938"}],"collection":[{"href":"https:\/\/kgs-niederrad.de\/index.php\/wp-json\/wp\/v2\/pages"}],"about":[{"href":"https:\/\/kgs-niederrad.de\/index.php\/wp-json\/wp\/v2\/types\/page"}],"author":[{"embeddable":true,"href":"https:\/\/kgs-niederrad.de\/index.php\/wp-json\/wp\/v2\/users\/1"}],"replies":[{"embeddable":true,"href":"https:\/\/kgs-niederrad.de\/index.php\/wp-json\/wp\/v2\/comments?post=1938"}],"version-history":[{"count":29,"href":"https:\/\/kgs-niederrad.de\/index.php\/wp-json\/wp\/v2\/pages\/1938\/revisions"}],"predecessor-version":[{"id":4222,"href":"https:\/\/kgs-niederrad.de\/index.php\/wp-json\/wp\/v2\/pages\/1938\/revisions\/4222"}],"wp:featuredmedia":[{"embeddable":true,"href":"https:\/\/kgs-niederrad.de\/index.php\/wp-json\/wp\/v2\/media\/1940"}],"wp:attachment":[{"href":"https:\/\/kgs-niederrad.de\/index.php\/wp-json\/wp\/v2\/media?parent=1938"}],"curies":[{"name":"wp","href":"https:\/\/api.w.org\/{rel}","templated":true}]}}