{"id":2160,"date":"2017-09-17T21:31:16","date_gmt":"2017-09-17T19:31:16","guid":{"rendered":"http:\/\/kgs-niederrad.de\/?page_id=2160"},"modified":"2026-01-15T23:51:52","modified_gmt":"2026-01-15T22:51:52","slug":"das-team","status":"publish","type":"page","link":"https:\/\/kgs-niederrad.de\/index.php\/das-team\/","title":{"rendered":"Das Team"},"content":{"rendered":"<p>KGS Niederrad<br \/>Kooperative Gesamtschule mit Gymnasialer Oberstufe<br \/>Mainfeldstra\u00dfe 45, 60528 Frankfurt<\/p>\n<p><strong>Au\u00dfenstellen<\/strong>:\u00a0<br \/>Goldsteinstra\u00dfe 27, 60528 Frankfurt<br \/>Mittlerer Hasenpfad 25, 60598 Frankfurt<\/p>\n<p><strong>Sekretariat<\/strong>:<br \/>Helena Heck (Standort Mittlerer Hasenpfad)<br \/>Katja Ivanova, Patrizia Pettinato (Standort Mainfeldstra\u00dfe) <br \/>Verena Schimmel (Standort Goldsteinstra\u00dfe)<br \/><a href=\"mailto:poststelle.kgs-niederrad@stadt-frankfurt.de\">E-Mail: poststelle.kgs-niederrad@stadt-frankfurt.de<\/a><br \/>Telefon: 069\/212-44744 (Mainfeld); 069\/212-44722 (Hasenpfad)<br \/>Fax: 069\/212-42944<\/p>\n<p><strong>Schulplatzanfragen ab Klasse 6<\/strong><\/p>\n<p>Wegen der vielen Anfragen zu Schulpl\u00e4tzen ab Klassenstufe 6 bitten wir Sie, in einem solchen Fall folgende Mailadresse zu benutzen: <a href=\"mailto:schulplatzanfragen@kgs-niederrad.de\">schulplatzanfragen@kgs-niederrad.de<\/a><\/p>\n<p><strong>Hospitationsanfragen<\/strong><\/p>\n<p>Bitte richten Sie Hospitationsanfragen an Marleen Dietrich (<a href=\"mailto:man@kgs-niederrad.de\">die@kgs-niederrad.de<\/a>). Bei Anfragen zu Hospitationen im \u00dcbergang 4\/5 wenden Sie sich an und Oberstufe nutzen Sie bitte die E-Mail Adressen f\u00fcr den \u00dcbergang 4\/5 bzw. die Oberstufe.<\/p>\n<p><strong>Jugendhilfe<\/strong>:\u00a0<a href=\"https:\/\/www.junularo-ffm.de\/\">www.junularo-ffm.de<\/a><br \/><strong>F\u00f6rderverein<\/strong>: <a href=\"https:\/\/www.foerderverein-kgs-niederrad.de\">www.foerderverein-kgs-niederrad.de<\/a> (Mail: <a href=\"foerderverein@kgs-niederrad.de\">foerderverein@kgs-niederrad.de<\/a>)<br \/><strong>Geg-Gastro<\/strong>:\u00a0\u00a0<a href=\"http:\/\/www.bestellung-geggastro.de\/\" target=\"_blank\" rel=\"noopener\" data-saferedirecturl=\"https:\/\/www.google.com\/url?q=http:\/\/www.bestellung-geggastro.de&amp;source=gmail&amp;ust=1603364366791000&amp;usg=AFQjCNF_X_WlHcPywkLNj-gDJtxaDU-3aw\">www.bestellung-geggastro.de<\/a><br \/><strong>Spinde<\/strong> f\u00fcr Sch\u00fcler\/innen der Firma Mietra: <a href=\"https:\/\/www.schliessfaecher.de\">www.schliessfaecher.de<\/a><\/p>\n<p><strong>Schulleitung<\/strong><\/p>\n<table style=\"height: 679px;\" border=\"0\" width=\"428\">\n<tbody>\n<tr>\n<td style=\"padding-top: 20px;\"><em><img loading=\"lazy\" class=\"wp-image-2066 alignnone\" src=\"http:\/\/kgs-niederrad.de\/wp-content\/uploads\/2017\/08\/DSC06977-1024x576.jpg\" alt=\"dsc06977\" width=\"380\" height=\"214\" srcset=\"https:\/\/kgs-niederrad.de\/wp-content\/uploads\/2017\/08\/DSC06977-1024x576.jpg 1024w, https:\/\/kgs-niederrad.de\/wp-content\/uploads\/2017\/08\/DSC06977-300x169.jpg 300w, https:\/\/kgs-niederrad.de\/wp-content\/uploads\/2017\/08\/DSC06977-768x432.jpg 768w, https:\/\/kgs-niederrad.de\/wp-content\/uploads\/2017\/08\/DSC06977-400x225.jpg 400w\" sizes=\"(max-width: 380px) 100vw, 380px\" \/><\/em>\n<p>\u00a0<\/p>\n<p>Eva Seifert<br \/><em>Schulleiterin<\/em><\/p>\n<p>Dietmar Blume<br \/><em>Stellvertr. Schulleiter<\/em><\/p>\n<p>Irene Loizides<br \/><em>Oberstufenleiterin<\/em><\/p>\n<p>Sonja Senftleben<br \/><em>Fachbereichsleitung I<\/em><\/p>\n<p>N.N.<br \/><em>Fachbereichsleitung II<\/em><\/p>\n<p>J\u00fcrgen Feick<br \/><em>Fachbereichsleitung III<\/em><\/p>\n<p>Erweiterte Schulleitung: <br \/>Masih Azami, Susanne Bender, Marleen Dietrich, Malalei Mansouri<\/p>\n<\/td>\n<\/tr>\n<\/tbody>\n<\/table>\n\n\n<figure class=\"wp-block-image size-full\"><img loading=\"lazy\" width=\"274\" height=\"89\" src=\"https:\/\/kgs-niederrad.de\/wp-content\/uploads\/2024\/08\/Bundesagentur-fuer-Arbeit.jpg\" alt=\"\" class=\"wp-image-5236\"\/><\/figure>\n\n\n\n<p><strong>E-Mail: &nbsp;&nbsp;<a rel=\"noreferrer noopener\" href=\"mailto:Frankfurt-Main.Berufsberatung@arbeitsagentur.de\" target=\"_blank\">Frankfurt-Main.Berufsberatung@arbeitsagentur.de<\/a><\/strong><\/p>\n\n\n\n<p class=\"has-text-align-left\"><strong>Internet:&nbsp;<a rel=\"noreferrer noopener\" href=\"http:\/\/www.arbeitsagentur.de\/frankfurt-am-main\" target=\"_blank\">www.arbeitsagentur.de\/frankfurt-am-main<\/a><\/strong><\/p>\n\n\n\n<figure class=\"wp-block-image size-full\"><img loading=\"lazy\" width=\"446\" height=\"300\" src=\"https:\/\/kgs-niederrad.de\/wp-content\/uploads\/2024\/02\/image003.jpg\" alt=\"\" class=\"wp-image-4892\" srcset=\"https:\/\/kgs-niederrad.de\/wp-content\/uploads\/2024\/02\/image003.jpg 446w, https:\/\/kgs-niederrad.de\/wp-content\/uploads\/2024\/02\/image003-300x202.jpg 300w, https:\/\/kgs-niederrad.de\/wp-content\/uploads\/2024\/02\/image003-400x269.jpg 400w\" sizes=\"(max-width: 446px) 100vw, 446px\" \/><\/figure>\n\n\n\n<p><strong>Bernd Weidner<\/strong><\/p>\n\n\n\n<p><strong><br>B e r n d&nbsp;&nbsp; W e i d n e r<\/strong><br>Studien- und Berufsberater f\u00fcr Oberstufensch\u00fcler und Studierende<br>Agentur f\u00fcr Arbeit Frankfurt am Main Team 252<\/p>\n\n\n\n<p><a rel=\"noreferrer noopener\" href=\"https:\/\/web.arbeitsagentur.de\/portal\/kontakt\/de\/terminvereinbarung\/berufsberatung?scope=form\" target=\"_blank\"><strong>Anmeldung Beratungstermin<\/strong><\/a><br>&nbsp;&nbsp;&nbsp;&nbsp;&nbsp;&nbsp;<br>Telefon:&nbsp;&nbsp;&nbsp; 069&nbsp; 2171 2189<\/p>\n\n\n\n<p>Berufsberatungshotline: 069&nbsp; 2171 &#8211; 2171<br>Telefax:&nbsp;&nbsp;&nbsp; 069&nbsp; 2171 910 2171<br>&nbsp;&nbsp;&nbsp;&nbsp;&nbsp;&nbsp;<br>E-Mail:&nbsp;&nbsp;&nbsp;&nbsp;&nbsp;<a rel=\"noreferrer noopener\" href=\"mailto:Frankfurt-Main.Berufsberatung@arbeitsagentur.de\" target=\"_blank\">Frankfurt-Main.Berufsberatung@arbeitsagentur.de<\/a><br>Internet:&nbsp;&nbsp;&nbsp;<a rel=\"noreferrer noopener\" href=\"http:\/\/www.arbeitsagentur.de\/frankfurt-am-main\" target=\"_blank\">www.arbeitsagentur.de\/frankfurt-am-main<\/a><br>&nbsp;&nbsp;&nbsp;&nbsp;&nbsp;&nbsp;&nbsp;&nbsp;&nbsp;&nbsp;&nbsp;&nbsp;&nbsp;&nbsp;&nbsp;&nbsp;<a rel=\"noreferrer noopener\" href=\"https:\/\/twitter.com\/AA_Frankfurt_M\" target=\"_blank\">Twitter&nbsp;<\/a>|&nbsp;<a rel=\"noreferrer noopener\" href=\"https:\/\/www.youtube.com\/user\/Arbeitsagentur\" target=\"_blank\">Youtube<\/a>&nbsp;|&nbsp;<a rel=\"noreferrer noopener\" href=\"https:\/\/www.linkedin.com\/company\/bundesagentur-fuer-arbeit\/mycompany\/\" target=\"_blank\">LinkedIn<\/a>&nbsp;|&nbsp;<a rel=\"noreferrer noopener\" href=\"https:\/\/www.xing.com\/pages\/bundesagentur\" target=\"_blank\">XING<\/a>&nbsp;|&nbsp;<a rel=\"noreferrer noopener\" href=\"https:\/\/www.kununu.com\/de\/bundesagentur-fuer-arbeit\" target=\"_blank\">kununu<\/a>&nbsp;|&nbsp;<a rel=\"noreferrer noopener\" href=\"https:\/\/de-de.facebook.com\/dasbringtmichweiter\" target=\"_blank\">Facebook<\/a><a rel=\"noreferrer noopener\" href=\"https:\/\/www.google.com\/maps\/search\/Frankfurt%2FMain+%0D%0A+Fischerfeldstr.+10-12+%0D%0A+60311?entry=gmail&amp;source=g\" target=\"_blank\"><\/a><a rel=\"noreferrer noopener\" href=\"https:\/\/www.google.com\/maps\/search\/Frankfurt%2FMain+%0D%0A+Fischerfeldstr.+10-12+%0D%0A+60311?entry=gmail&amp;source=g\" target=\"_blank\"><\/a><\/p>\n\n\n\n<p>&nbsp;&nbsp;&nbsp;<br><strong>Besucheradresse:<\/strong><br>Agentur f\u00fcr Arbeit&nbsp;<a rel=\"noreferrer noopener\" href=\"https:\/\/www.google.com\/maps\/search\/Frankfurt%2FMain+%0D%0A+Fischerfeldstr.+10-12+%0D%0A+60311?entry=gmail&amp;source=g\" target=\"_blank\">Frankfurt\/Main<\/a><br><a rel=\"noreferrer noopener\" href=\"https:\/\/www.google.com\/maps\/search\/Frankfurt%2FMain+%0D%0A+Fischerfeldstr.+10-12+%0D%0A+60311?entry=gmail&amp;source=g\" target=\"_blank\">Fischerfeldstr. 10-12<\/a><br><a rel=\"noreferrer noopener\" href=\"https:\/\/www.google.com\/maps\/search\/Frankfurt%2FMain+%0D%0A+Fischerfeldstr.+10-12+%0D%0A+60311?entry=gmail&amp;source=g\" target=\"_blank\">60311<\/a>&nbsp;Frankfurt\/Main<br><strong>Postadresse:<\/strong><br>Agentur f\u00fcr Arbeit Frankfurt am Main<br>60270 Frankfurt\/Main<\/p>\n\n\n\n<p>Besuchen Sie auch unsere Veranstaltungsdatenbank:&nbsp;<br><a rel=\"noreferrer noopener\" href=\"http:\/\/www.arbeitsagentur.de\/vor-ort\/frankfurt-am-main\/online-seminare-und-veranstaltungen\" target=\"_blank\"><strong>www.arbeitsagentur.de\/vor-ort\/frankfurt-am-main\/online-seminare-und-veranstaltungen<\/strong><\/a><\/p>\n\n\n\n<p><strong>Berufs- und Studienberater&nbsp;(Gymnasialzweig)<\/strong><\/p>\n\n\n\n<p><\/p>\n\n\n\n<p><strong>Berufsberatung<\/strong>                                                           <\/p>\n\n\n\n<p>Liebe Sch\u00fclerinnen und Sch\u00fcler,<\/p>\n\n\n\n<p>ich hei\u00dfe <strong>Mareike Laartz <\/strong>und bin Eure Berufsberaterin.<\/p>\n\n\n\n<figure class=\"wp-block-image size-full\"><img loading=\"lazy\" width=\"208\" height=\"284\" src=\"https:\/\/kgs-niederrad.de\/wp-content\/uploads\/2024\/08\/image-7.png\" alt=\"\" class=\"wp-image-5235\"\/><\/figure>\n\n\n\n<p>Wenn Ihr<\/p>\n\n\n\n<p>&nbsp; &#8211; nicht wisst, was Ihr nach dem Schulabschluss machen k\u00f6nnt\/wollt, &#8211; Euch bei der Suche nach einem Ausbildungsplatz helfen lassen m\u00f6chtet, &#8211; nicht wisst, auf welche weiterf\u00fchrende Schule Ihr gehen k\u00f6nnt\/sollt\/wollt, &#8211; andere Fragen rund um das Thema \u201eAusbildung und Beruf\u201c habt,<\/p>\n\n\n\n<p>dann kommt doch einfach mal zu mir in die Sprechstunde.<\/p>\n\n\n\n<p>Die Sprechstundentermine werden Euch rechtzeitig mitgeteilt.<\/p>\n\n\n\n<p>Gerne k\u00f6nnt Ihr auch zwischendurch per E-Mail mit mir Kontakt aufnehmen:<\/p>\n\n\n\n<p>Frankfurt-Main.Berufsberatung@arbeitsagentur.de<\/p>\n\n\n\n<p>Betreff: Frau Laartz<\/p>\n\n\n\n<p>Und wenn ich nicht in der Schule bin?<\/p>\n\n\n\n<p>Dann bin ich vermutlich in meinem B\u00fcro in der<\/p>\n\n\n\n<p><strong>&nbsp; Agentur f\u00fcr Arbeit Frankfurt<\/strong><\/p>\n\n\n\n<p><strong>&nbsp; Berufsberatung<\/strong><\/p>\n\n\n\n<p><strong>&nbsp; Fischerfeldstr. 10-12<\/strong><\/p>\n\n\n\n<p><strong>&nbsp; 60311 Frankfurt am Main<\/strong><\/p>\n\n\n\n<p><strong>&nbsp; Tel.: 0800 4 5555 00&nbsp;<\/strong><\/p>\n\n\n\n<p>Dort biete ich auch ausf\u00fchrliche Beratungen an, zu<\/p>\n\n\n\n<p>denen Ihr auch gerne Eure Eltern mitbringen k\u00f6nnt.<\/p>\n\n\n\n<p>Hierzu vereinbart Ihr einfach einen kurzen Termin mit<\/p>\n\n\n\n<p>mir.<\/p>\n\n\n\n<figure class=\"wp-block-image size-large\"><img loading=\"lazy\" width=\"1024\" height=\"576\" src=\"https:\/\/kgs-niederrad.de\/wp-content\/uploads\/2024\/08\/Berufsberatung-1024x576.jpg\" alt=\"\" class=\"wp-image-5238\" srcset=\"https:\/\/kgs-niederrad.de\/wp-content\/uploads\/2024\/08\/Berufsberatung-1024x576.jpg 1024w, https:\/\/kgs-niederrad.de\/wp-content\/uploads\/2024\/08\/Berufsberatung-300x169.jpg 300w, https:\/\/kgs-niederrad.de\/wp-content\/uploads\/2024\/08\/Berufsberatung-768x432.jpg 768w, https:\/\/kgs-niederrad.de\/wp-content\/uploads\/2024\/08\/Berufsberatung-400x225.jpg 400w, https:\/\/kgs-niederrad.de\/wp-content\/uploads\/2024\/08\/Berufsberatung.jpg 1371w\" sizes=\"(max-width: 1024px) 100vw, 1024px\" \/><\/figure>\n\n\n\n<figure class=\"wp-block-image size-large\"><img loading=\"lazy\" width=\"1024\" height=\"571\" src=\"https:\/\/kgs-niederrad.de\/wp-content\/uploads\/2024\/08\/Laartz-1024x571.jpg\" alt=\"\" class=\"wp-image-5239\" srcset=\"https:\/\/kgs-niederrad.de\/wp-content\/uploads\/2024\/08\/Laartz-1024x571.jpg 1024w, https:\/\/kgs-niederrad.de\/wp-content\/uploads\/2024\/08\/Laartz-300x167.jpg 300w, https:\/\/kgs-niederrad.de\/wp-content\/uploads\/2024\/08\/Laartz-768x429.jpg 768w, https:\/\/kgs-niederrad.de\/wp-content\/uploads\/2024\/08\/Laartz-400x223.jpg 400w, https:\/\/kgs-niederrad.de\/wp-content\/uploads\/2024\/08\/Laartz.jpg 1371w\" sizes=\"(max-width: 1024px) 100vw, 1024px\" \/><\/figure>\n\n\n\n<p>Durch die Schulneugr\u00fcndung und die neuen 5. Klassen bekommen wir jedes Jahr ca. zehn bis zw\u00f6lf neue Kolleginnen und Kollegen. Aktuell unterrichten an der KGS Niederrad rund 115 Lehrkr\u00e4fte.<\/p>\n\n\n\n<figure class=\"wp-block-image size-large\"><img loading=\"lazy\" width=\"1024\" height=\"768\" src=\"http:\/\/kgs-niederrad.de\/wp-content\/uploads\/2021\/07\/KGSN-Kollegium-Mauergrafiti_2021-07-16-HP-1024x768.png\" alt=\"\" class=\"wp-image-3316\" srcset=\"https:\/\/kgs-niederrad.de\/wp-content\/uploads\/2021\/07\/KGSN-Kollegium-Mauergrafiti_2021-07-16-HP-1024x768.png 1024w, https:\/\/kgs-niederrad.de\/wp-content\/uploads\/2021\/07\/KGSN-Kollegium-Mauergrafiti_2021-07-16-HP-300x225.png 300w, https:\/\/kgs-niederrad.de\/wp-content\/uploads\/2021\/07\/KGSN-Kollegium-Mauergrafiti_2021-07-16-HP-768x576.png 768w, https:\/\/kgs-niederrad.de\/wp-content\/uploads\/2021\/07\/KGSN-Kollegium-Mauergrafiti_2021-07-16-HP-1536x1152.png 1536w, https:\/\/kgs-niederrad.de\/wp-content\/uploads\/2021\/07\/KGSN-Kollegium-Mauergrafiti_2021-07-16-HP-400x300.png 400w, https:\/\/kgs-niederrad.de\/wp-content\/uploads\/2021\/07\/KGSN-Kollegium-Mauergrafiti_2021-07-16-HP.png 1865w\" sizes=\"(max-width: 1024px) 100vw, 1024px\" \/><figcaption>06\/2021<\/figcaption><\/figure>\n\n\n\n<p>Wir haben im achten Jahr derzeit 45 Klassen in den Jahrg\u00e4ngen 5, 6, 7, 8, 9, 10, 11 und 12, die sich in den ersten zwei Wochen im Jahrgang 5 und ihrem ersten Projekt &#8222;Baumprojekt&#8220; eigene Klassennamen gegeben haben. Ebenfalls sind zwei Intensivklassen an unserer Schule, die IK-1 und die IK-A.<\/p>\n\n\n\n<p>Im n\u00e4chsten Jahr wird die Schule um die Jahrgangsstufe 13 (Q-Phase) weiter wachsen.<\/p>\n\n\n\n<figure class=\"wp-block-image size-large\"><img loading=\"lazy\" width=\"1024\" height=\"702\" src=\"http:\/\/kgs-niederrad.de\/wp-content\/uploads\/2022\/06\/Klassenpuzzle-1024x702.jpg\" alt=\"\" class=\"wp-image-3546\" srcset=\"https:\/\/kgs-niederrad.de\/wp-content\/uploads\/2022\/06\/Klassenpuzzle-1024x702.jpg 1024w, https:\/\/kgs-niederrad.de\/wp-content\/uploads\/2022\/06\/Klassenpuzzle-300x206.jpg 300w, https:\/\/kgs-niederrad.de\/wp-content\/uploads\/2022\/06\/Klassenpuzzle-768x527.jpg 768w, https:\/\/kgs-niederrad.de\/wp-content\/uploads\/2022\/06\/Klassenpuzzle-1536x1054.jpg 1536w, https:\/\/kgs-niederrad.de\/wp-content\/uploads\/2022\/06\/Klassenpuzzle-400x274.jpg 400w, https:\/\/kgs-niederrad.de\/wp-content\/uploads\/2022\/06\/Klassenpuzzle.jpg 1949w\" sizes=\"(max-width: 1024px) 100vw, 1024px\" \/><\/figure>\n\n\n\n<p>Jede Klasse entwirft nach und nach ein Puzzleteil, das auf unserer Wand vor der Mensa ver\u00f6ffentlicht wird.<\/p>\n","protected":false},"excerpt":{"rendered":"<p>KGS NiederradKooperative Gesamtschule mit Gymnasialer OberstufeMainfeldstra\u00dfe 45, 60528 Frankfurt Au\u00dfenstellen:\u00a0Goldsteinstra\u00dfe 27, 60528 FrankfurtMittlerer Hasenpfad 25, 60598 Frankfurt Sekretariat:Helena Heck (Standort Mittlerer Hasenpfad)Katja Ivanova, Patrizia Pettinato (Standort Mainfeldstra\u00dfe) Verena Schimmel (Standort Goldsteinstra\u00dfe)E-Mail: poststelle.kgs-niederrad@stadt-frankfurt.deTelefon: 069\/212-44744 (Mainfeld); 069\/212-44722 (Hasenpfad)Fax: 069\/212-42944 Schulplatzanfragen ab Klasse [&hellip;]<\/p>\n","protected":false},"author":1,"featured_media":3316,"parent":0,"menu_order":20,"comment_status":"closed","ping_status":"closed","template":"","meta":[],"_links":{"self":[{"href":"https:\/\/kgs-niederrad.de\/index.php\/wp-json\/wp\/v2\/pages\/2160"}],"collection":[{"href":"https:\/\/kgs-niederrad.de\/index.php\/wp-json\/wp\/v2\/pages"}],"about":[{"href":"https:\/\/kgs-niederrad.de\/index.php\/wp-json\/wp\/v2\/types\/page"}],"author":[{"embeddable":true,"href":"https:\/\/kgs-niederrad.de\/index.php\/wp-json\/wp\/v2\/users\/1"}],"replies":[{"embeddable":true,"href":"https:\/\/kgs-niederrad.de\/index.php\/wp-json\/wp\/v2\/comments?post=2160"}],"version-history":[{"count":49,"href":"https:\/\/kgs-niederrad.de\/index.php\/wp-json\/wp\/v2\/pages\/2160\/revisions"}],"predecessor-version":[{"id":6079,"href":"https:\/\/kgs-niederrad.de\/index.php\/wp-json\/wp\/v2\/pages\/2160\/revisions\/6079"}],"wp:featuredmedia":[{"embeddable":true,"href":"https:\/\/kgs-niederrad.de\/index.php\/wp-json\/wp\/v2\/media\/3316"}],"wp:attachment":[{"href":"https:\/\/kgs-niederrad.de\/index.php\/wp-json\/wp\/v2\/media?parent=2160"}],"curies":[{"name":"wp","href":"https:\/\/api.w.org\/{rel}","templated":true}]}}