{"id":2637,"date":"2020-03-26T12:57:58","date_gmt":"2020-03-26T11:57:58","guid":{"rendered":"http:\/\/kgs-niederrad.de\/?page_id=2637"},"modified":"2026-04-15T10:20:22","modified_gmt":"2026-04-15T08:20:22","slug":"lerntheke","status":"publish","type":"page","link":"https:\/\/kgs-niederrad.de\/index.php\/lerntheke\/","title":{"rendered":"Lerntheke"},"content":{"rendered":"<p>Hier findet ihr unsere Bausteine f\u00fcr die Lernb\u00fcroarbeit in der Schule oder f\u00fcr zu Hause:<\/p>\n<table border=\"0\">\n<tbody>\n<tr>\n<td style=\"padding-top: 20px;\"><a href=\"http:\/\/deutsch.kgs-niederrad.de\"><img loading=\"lazy\" class=\"aligncenter wp-image-2645\" src=\"http:\/\/kgs-niederrad.de\/wp-content\/uploads\/2020\/03\/Lerntheke-Deutsch.png\" alt=\"\" width=\"180\" height=\"119\" srcset=\"https:\/\/kgs-niederrad.de\/wp-content\/uploads\/2020\/03\/Lerntheke-Deutsch.png 851w, https:\/\/kgs-niederrad.de\/wp-content\/uploads\/2020\/03\/Lerntheke-Deutsch-300x198.png 300w, https:\/\/kgs-niederrad.de\/wp-content\/uploads\/2020\/03\/Lerntheke-Deutsch-768x506.png 768w, https:\/\/kgs-niederrad.de\/wp-content\/uploads\/2020\/03\/Lerntheke-Deutsch-400x264.png 400w\" sizes=\"(max-width: 180px) 100vw, 180px\" \/><\/a><\/td>\n<td>\u00a0<\/td>\n<td style=\"padding-top: 20px;\"><a href=\"http:\/\/english.kgs-niederrad.de\"><img loading=\"lazy\" class=\"aligncenter wp-image-2646\" src=\"http:\/\/kgs-niederrad.de\/wp-content\/uploads\/2020\/03\/Lerntheke-Englisch.png\" alt=\"\" width=\"162\" height=\"118\" srcset=\"https:\/\/kgs-niederrad.de\/wp-content\/uploads\/2020\/03\/Lerntheke-Englisch.png 861w, https:\/\/kgs-niederrad.de\/wp-content\/uploads\/2020\/03\/Lerntheke-Englisch-300x218.png 300w, https:\/\/kgs-niederrad.de\/wp-content\/uploads\/2020\/03\/Lerntheke-Englisch-768x557.png 768w, https:\/\/kgs-niederrad.de\/wp-content\/uploads\/2020\/03\/Lerntheke-Englisch-400x290.png 400w\" sizes=\"(max-width: 162px) 100vw, 162px\" \/><\/a><\/td>\n<td>\u00a0<\/td>\n<td style=\"padding-top: 20px;\"><a href=\"http:\/\/mathematik.kgs-niederrad.de\"><img loading=\"lazy\" class=\"aligncenter wp-image-2649\" src=\"http:\/\/kgs-niederrad.de\/wp-content\/uploads\/2020\/03\/Lerntheke-Mathematik.png\" alt=\"\" width=\"217\" height=\"136\" srcset=\"https:\/\/kgs-niederrad.de\/wp-content\/uploads\/2020\/03\/Lerntheke-Mathematik.png 851w, https:\/\/kgs-niederrad.de\/wp-content\/uploads\/2020\/03\/Lerntheke-Mathematik-300x188.png 300w, https:\/\/kgs-niederrad.de\/wp-content\/uploads\/2020\/03\/Lerntheke-Mathematik-768x481.png 768w, https:\/\/kgs-niederrad.de\/wp-content\/uploads\/2020\/03\/Lerntheke-Mathematik-400x251.png 400w\" sizes=\"(max-width: 217px) 100vw, 217px\" \/><\/a><\/td>\n<\/tr>\n<tr>\n<td>\u00a0<\/td>\n<td>\u00a0<\/td>\n<td>\u00a0<\/td>\n<td>\u00a0<\/td>\n<td>\u00a0<\/td>\n<\/tr>\n<tr>\n<td style=\"padding-top: 20px;\"><a href=\"http:\/\/latein.kgs-niederrad.de\"><img loading=\"lazy\" class=\"aligncenter wp-image-2648\" src=\"http:\/\/kgs-niederrad.de\/wp-content\/uploads\/2020\/03\/Lerntheke-Latein.png\" alt=\"\" width=\"187\" height=\"156\" srcset=\"https:\/\/kgs-niederrad.de\/wp-content\/uploads\/2020\/03\/Lerntheke-Latein.png 903w, https:\/\/kgs-niederrad.de\/wp-content\/uploads\/2020\/03\/Lerntheke-Latein-300x250.png 300w, https:\/\/kgs-niederrad.de\/wp-content\/uploads\/2020\/03\/Lerntheke-Latein-768x639.png 768w, https:\/\/kgs-niederrad.de\/wp-content\/uploads\/2020\/03\/Lerntheke-Latein-400x333.png 400w\" sizes=\"(max-width: 187px) 100vw, 187px\" \/><\/a><\/td>\n<td>\u00a0<\/td>\n<td style=\"padding-top: 20px;\"><a href=\"http:\/\/franzoesisch.kgs-niederrad.de\"><img loading=\"lazy\" class=\"aligncenter wp-image-2647\" src=\"http:\/\/kgs-niederrad.de\/wp-content\/uploads\/2020\/03\/Lerntheke-Franzoesisch.png\" alt=\"\" width=\"178\" height=\"154\" srcset=\"https:\/\/kgs-niederrad.de\/wp-content\/uploads\/2020\/03\/Lerntheke-Franzoesisch.png 913w, https:\/\/kgs-niederrad.de\/wp-content\/uploads\/2020\/03\/Lerntheke-Franzoesisch-300x261.png 300w, https:\/\/kgs-niederrad.de\/wp-content\/uploads\/2020\/03\/Lerntheke-Franzoesisch-768x667.png 768w, https:\/\/kgs-niederrad.de\/wp-content\/uploads\/2020\/03\/Lerntheke-Franzoesisch-400x347.png 400w\" sizes=\"(max-width: 178px) 100vw, 178px\" \/><\/a><\/td>\n<td>\u00a0<\/td>\n<td style=\"padding-top: 20px;\"><a href=\"http:\/\/espanol.kgs-niederrad.de\"><img loading=\"lazy\" class=\"aligncenter wp-image-2650\" src=\"http:\/\/kgs-niederrad.de\/wp-content\/uploads\/2020\/03\/Lerntheke-Spanisch.png\" alt=\"\" width=\"215\" height=\"152\" srcset=\"https:\/\/kgs-niederrad.de\/wp-content\/uploads\/2020\/03\/Lerntheke-Spanisch.png 747w, https:\/\/kgs-niederrad.de\/wp-content\/uploads\/2020\/03\/Lerntheke-Spanisch-300x212.png 300w, https:\/\/kgs-niederrad.de\/wp-content\/uploads\/2020\/03\/Lerntheke-Spanisch-400x283.png 400w\" sizes=\"(max-width: 215px) 100vw, 215px\" \/><\/a><\/td>\n<\/tr>\n<tr>\n<td>\u00a0<\/td>\n<td>\u00a0<\/td>\n<td>\u00a0<\/td>\n<td>\u00a0<\/td>\n<td>\u00a0<\/td>\n<\/tr>\n<tr>\n<td style=\"padding-top: 20px;\"><a href=\"https:\/\/sites.google.com\/kgs-niederrad.de\/naturwissenschaften\/startseite\"><img loading=\"lazy\" class=\"aligncenter wp-image-6137\" src=\"http:\/\/kgs-niederrad.de\/wp-content\/uploads\/2026\/04\/Logo-NaWi-Lerntheke.png\" alt=\"\" width=\"180\" height=\"124\" srcset=\"https:\/\/kgs-niederrad.de\/wp-content\/uploads\/2026\/04\/Logo-NaWi-Lerntheke.png 1596w, https:\/\/kgs-niederrad.de\/wp-content\/uploads\/2026\/04\/Logo-NaWi-Lerntheke-300x206.png 300w, https:\/\/kgs-niederrad.de\/wp-content\/uploads\/2026\/04\/Logo-NaWi-Lerntheke-1024x704.png 1024w, https:\/\/kgs-niederrad.de\/wp-content\/uploads\/2026\/04\/Logo-NaWi-Lerntheke-768x528.png 768w, https:\/\/kgs-niederrad.de\/wp-content\/uploads\/2026\/04\/Logo-NaWi-Lerntheke-1536x1057.png 1536w, https:\/\/kgs-niederrad.de\/wp-content\/uploads\/2026\/04\/Logo-NaWi-Lerntheke-400x275.png 400w\" sizes=\"(max-width: 180px) 100vw, 180px\" \/><\/a><\/td>\n<td>\u00a0<\/td>\n<td style=\"padding-top: 20px;\"><a href=\"http:\/\/gl.kgs-niederrad.de\"><img loading=\"lazy\" class=\"aligncenter wp-image-2880\" src=\"http:\/\/kgs-niederrad.de\/wp-content\/uploads\/2021\/01\/Titelbild-Homepage-KGSN.png\" alt=\"\" width=\"142\" height=\"148\" srcset=\"https:\/\/kgs-niederrad.de\/wp-content\/uploads\/2021\/01\/Titelbild-Homepage-KGSN.png 383w, https:\/\/kgs-niederrad.de\/wp-content\/uploads\/2021\/01\/Titelbild-Homepage-KGSN-289x300.png 289w\" sizes=\"(max-width: 142px) 100vw, 142px\" \/><\/a><\/td>\n<td>\u00a0<\/td>\n<td style=\"padding-top: 20px;\"><a href=\"https:\/\/sites.google.com\/kgs-niederrad.de\/arbeitslehre\/startseite\"><img loading=\"lazy\" class=\"aligncenter wp-image-3439\" src=\"http:\/\/kgs-niederrad.de\/wp-content\/uploads\/2022\/02\/Kachel-AL-mit-Text.jpg\" alt=\"\" width=\"180\" height=\"144\" \/><\/a><\/td>\n<\/tr>\n<\/tbody>\n<\/table>\n\n\n<p><\/p>\n","protected":false},"excerpt":{"rendered":"<p>Hier findet ihr unsere Bausteine f\u00fcr die Lernb\u00fcroarbeit in der Schule oder f\u00fcr zu Hause: \u00a0 \u00a0 \u00a0 \u00a0 \u00a0 \u00a0 \u00a0 \u00a0 \u00a0 \u00a0 \u00a0 \u00a0 \u00a0 \u00a0 \u00a0 \u00a0<\/p>\n","protected":false},"author":1,"featured_media":1988,"parent":0,"menu_order":80,"comment_status":"closed","ping_status":"closed","template":"","meta":[],"_links":{"self":[{"href":"https:\/\/kgs-niederrad.de\/index.php\/wp-json\/wp\/v2\/pages\/2637"}],"collection":[{"href":"https:\/\/kgs-niederrad.de\/index.php\/wp-json\/wp\/v2\/pages"}],"about":[{"href":"https:\/\/kgs-niederrad.de\/index.php\/wp-json\/wp\/v2\/types\/page"}],"author":[{"embeddable":true,"href":"https:\/\/kgs-niederrad.de\/index.php\/wp-json\/wp\/v2\/users\/1"}],"replies":[{"embeddable":true,"href":"https:\/\/kgs-niederrad.de\/index.php\/wp-json\/wp\/v2\/comments?post=2637"}],"version-history":[{"count":29,"href":"https:\/\/kgs-niederrad.de\/index.php\/wp-json\/wp\/v2\/pages\/2637\/revisions"}],"predecessor-version":[{"id":6143,"href":"https:\/\/kgs-niederrad.de\/index.php\/wp-json\/wp\/v2\/pages\/2637\/revisions\/6143"}],"wp:featuredmedia":[{"embeddable":true,"href":"https:\/\/kgs-niederrad.de\/index.php\/wp-json\/wp\/v2\/media\/1988"}],"wp:attachment":[{"href":"https:\/\/kgs-niederrad.de\/index.php\/wp-json\/wp\/v2\/media?parent=2637"}],"curies":[{"name":"wp","href":"https:\/\/api.w.org\/{rel}","templated":true}]}}